{"id":703,"date":"2024-05-22T06:12:24","date_gmt":"2024-05-22T06:12:24","guid":{"rendered":"https:\/\/wp.codexse.com\/landshop\/?page_id=703"},"modified":"2025-06-07T01:24:02","modified_gmt":"2025-06-06T23:24:02","slug":"contact-us-2","status":"publish","type":"page","link":"https:\/\/meetview.net\/index.php\/contact-us-2\/","title":{"rendered":"Contact Us 2"},"content":{"rendered":"\t\t<div data-elementor-type=\"wp-page\" data-elementor-id=\"703\" class=\"elementor elementor-703\">\n\t\t\t\t<div class=\"elementor-element elementor-element-6b9b134 e-flex e-con-boxed e-con e-parent\" data-id=\"6b9b134\" data-element_type=\"container\" data-e-type=\"container\">\n\t\t\t\t\t<div class=\"e-con-inner\">\n\t\t\t\t<div class=\"elementor-element elementor-element-272fd3c elementor-widget elementor-widget-google_maps\" data-id=\"272fd3c\" data-element_type=\"widget\" data-e-type=\"widget\" data-settings=\"{&quot;ha_floating_fx_translate_y&quot;:{&quot;unit&quot;:&quot;px&quot;,&quot;size&quot;:&quot;&quot;,&quot;sizes&quot;:[]}}\" data-widget_type=\"google_maps.default\">\n\t\t\t\t<div class=\"elementor-widget-container\">\n\t\t\t\t\t\t\t<div class=\"elementor-custom-embed\">\n\t\t\t<iframe loading=\"lazy\"\n\t\t\t\t\tsrc=\"https:\/\/maps.google.com\/maps?q=Pr%C3%A9pos%C3%A9%20aux%20b%C3%A9n%C3%A9ficiaires%20%2013%20rue%20desparois%20%20Mercier%20%20J6R%200B5%20Quebec%20Canada&#038;t=m&#038;z=8&#038;output=embed&#038;iwloc=near\"\n\t\t\t\t\ttitle=\"Pr\u00e9pos\u00e9 aux b\u00e9n\u00e9ficiaires  13 rue desparois  Mercier  J6R 0B5 Quebec Canada\"\n\t\t\t\t\taria-label=\"Pr\u00e9pos\u00e9 aux b\u00e9n\u00e9ficiaires  13 rue desparois  Mercier  J6R 0B5 Quebec Canada\"\n\t\t\t><\/iframe>\n\t\t<\/div>\n\t\t\t\t\t\t<\/div>\n\t\t\t\t<\/div>\n\t\t\t\t\t<\/div>\n\t\t\t\t<\/div>\n\t\t<div class=\"elementor-element elementor-element-a3e4ac5 e-flex e-con-boxed e-con e-parent\" data-id=\"a3e4ac5\" data-element_type=\"container\" data-e-type=\"container\">\n\t\t\t\t\t<div class=\"e-con-inner\">\n\t\t<div class=\"elementor-element elementor-element-a94b065 e-con-full e-flex e-con e-child\" data-id=\"a94b065\" data-element_type=\"container\" data-e-type=\"container\">\n\t\t<div class=\"elementor-element elementor-element-11164ba e-flex e-con-boxed e-con e-child\" data-id=\"11164ba\" data-element_type=\"container\" data-e-type=\"container\">\n\t\t\t\t\t<div class=\"e-con-inner\">\n\t\t<div class=\"elementor-element elementor-element-26e16d0 e-con-full e-flex e-con e-child\" data-id=\"26e16d0\" data-element_type=\"container\" data-e-type=\"container\">\n\t\t\t\t<div class=\"elementor-element elementor-element-1e9d225 elementor-widget elementor-widget-codexse-icon-box\" data-id=\"1e9d225\" data-element_type=\"widget\" data-e-type=\"widget\" data-settings=\"{&quot;ha_floating_fx_translate_y&quot;:{&quot;unit&quot;:&quot;px&quot;,&quot;size&quot;:&quot;&quot;,&quot;sizes&quot;:[]}}\" data-widget_type=\"codexse-icon-box.default\">\n\t\t\t\t<div class=\"elementor-widget-container\">\n\t\t\t\t\t<div class=\"codexse-icon-box box-style-1\" ><div class=\"x-icon\" ><i aria-hidden=\"true\" class=\"fas fa-map-marker-alt\"><\/i><\/div><div class=\"content\"><h4 class=\"title\">Notre Bureau<\/h4><div class=\"description\">Pr\u00e9pos\u00e9 aux b\u00e9n\u00e9ficiaires 13 rue desparois \nMercier  J6R 0B5\nQuebec, Canada<\/div><\/div><\/div>\t\t\t\t<\/div>\n\t\t\t\t<\/div>\n\t\t\t\t<\/div>\n\t\t<div class=\"elementor-element elementor-element-d027bbd e-con-full e-flex e-con e-child\" data-id=\"d027bbd\" data-element_type=\"container\" data-e-type=\"container\">\n\t\t\t\t<div class=\"elementor-element elementor-element-c734976 elementor-widget elementor-widget-codexse-icon-box\" data-id=\"c734976\" data-element_type=\"widget\" data-e-type=\"widget\" data-settings=\"{&quot;ha_floating_fx_translate_y&quot;:{&quot;unit&quot;:&quot;px&quot;,&quot;size&quot;:&quot;&quot;,&quot;sizes&quot;:[]}}\" data-widget_type=\"codexse-icon-box.default\">\n\t\t\t\t<div class=\"elementor-widget-container\">\n\t\t\t\t\t<div class=\"codexse-icon-box box-style-1\" ><div class=\"x-icon\" ><i aria-hidden=\"true\" class=\"far fa-envelope\"><\/i><\/div><div class=\"content\"><h4 class=\"title\">Nous joindre<\/h4><div class=\"description\">commercial@meetview.net<br>\nmeetview@meetview.net<\/div><\/div><\/div>\t\t\t\t<\/div>\n\t\t\t\t<\/div>\n\t\t\t\t<\/div>\n\t\t<div class=\"elementor-element elementor-element-ca0c574 e-con-full e-flex e-con e-child\" data-id=\"ca0c574\" data-element_type=\"container\" data-e-type=\"container\">\n\t\t\t\t<\/div>\n\t\t\t\t\t<\/div>\n\t\t\t\t<\/div>\n\t\t\t\t<\/div>\n\t\t<div class=\"elementor-element elementor-element-b334697 e-con-full e-flex e-con e-child\" data-id=\"b334697\" data-element_type=\"container\" data-e-type=\"container\">\n\t\t\t\t<div class=\"elementor-element elementor-element-b76dc87 elementor-widget elementor-widget-heading\" data-id=\"b76dc87\" data-element_type=\"widget\" data-e-type=\"widget\" data-settings=\"{&quot;ha_floating_fx_translate_y&quot;:{&quot;unit&quot;:&quot;px&quot;,&quot;size&quot;:&quot;&quot;,&quot;sizes&quot;:[]}}\" data-widget_type=\"heading.default\">\n\t\t\t\t<div class=\"elementor-widget-container\">\n\t\t\t\t\t<h2 class=\"elementor-heading-title elementor-size-default\">Avez-vous des questions ? Remplissez ce formulaire<\/h2>\t\t\t\t<\/div>\n\t\t\t\t<\/div>\n\t\t\t\t<div class=\"elementor-element elementor-element-7495b8f elementor-widget elementor-widget-codexse-shortcode-addons\" data-id=\"7495b8f\" data-element_type=\"widget\" data-e-type=\"widget\" data-settings=\"{&quot;ha_floating_fx_translate_y&quot;:{&quot;unit&quot;:&quot;px&quot;,&quot;size&quot;:&quot;&quot;,&quot;sizes&quot;:[]}}\" data-widget_type=\"codexse-shortcode-addons.default\">\n\t\t\t\t<div class=\"elementor-widget-container\">\n\t\t\t\t\t   <div class=\"shortcode-form\">\r\n               \n<div class=\"wpcf7 no-js\" id=\"wpcf7-f938-o1\" lang=\"en-US\" dir=\"ltr\" data-wpcf7-id=\"938\">\n<div class=\"screen-reader-response\"><p role=\"status\" aria-live=\"polite\" aria-atomic=\"true\"><\/p> <ul><\/ul><\/div>\n<form action=\"\/index.php\/wp-json\/wp\/v2\/pages\/703#wpcf7-f938-o1\" method=\"post\" class=\"wpcf7-form init\" aria-label=\"Contact form\" novalidate=\"novalidate\" data-status=\"init\">\n<fieldset class=\"hidden-fields-container\"><input type=\"hidden\" name=\"_wpcf7\" value=\"938\" \/><input type=\"hidden\" name=\"_wpcf7_version\" value=\"6.1\" \/><input type=\"hidden\" name=\"_wpcf7_locale\" value=\"en_US\" \/><input type=\"hidden\" name=\"_wpcf7_unit_tag\" value=\"wpcf7-f938-o1\" \/><input type=\"hidden\" name=\"_wpcf7_container_post\" value=\"0\" \/><input type=\"hidden\" name=\"_wpcf7_posted_data_hash\" value=\"\" \/>\n<\/fieldset>\n<div class=\"row g-3 g-xl-4\">\n\t<div class=\"col-md-6\">\n\t\t<p><span class=\"wpcf7-form-control-wrap\" data-name=\"user__name\"><input size=\"40\" maxlength=\"400\" class=\"wpcf7-form-control wpcf7-text wpcf7-validates-as-required form__control\" id=\"user__name\" aria-required=\"true\" aria-invalid=\"false\" placeholder=\"Enter your name\" value=\"\" type=\"text\" name=\"user__name\" \/><\/span>\n\t\t<\/p>\n\t<\/div>\n\t<div class=\"col-md-6\">\n\t\t<p><span class=\"wpcf7-form-control-wrap\" data-name=\"user__email\"><input size=\"40\" maxlength=\"400\" class=\"wpcf7-form-control wpcf7-email wpcf7-validates-as-required wpcf7-text wpcf7-validates-as-email form__control\" id=\"user__email\" aria-required=\"true\" aria-invalid=\"false\" placeholder=\"Enter your mail\" value=\"\" type=\"email\" name=\"user__email\" \/><\/span>\n\t\t<\/p>\n\t<\/div>\n\t<div class=\"col-md-6\">\n\t\t<p><span class=\"wpcf7-form-control-wrap\" data-name=\"user__subject\"><input size=\"40\" maxlength=\"400\" class=\"wpcf7-form-control wpcf7-text form__control\" id=\"user__subject\" aria-invalid=\"false\" placeholder=\"Subject\" value=\"\" type=\"text\" name=\"user__subject\" \/><\/span>\n\t\t<\/p>\n\t<\/div>\n\t<div class=\"col-md-6\">\n\t\t<p><span class=\"wpcf7-form-control-wrap\" data-name=\"user__date\"><input class=\"wpcf7-form-control wpcf7-date wpcf7-validates-as-date form__control\" id=\"user__date\" aria-invalid=\"false\" placeholder=\"Date\" value=\"\" type=\"date\" name=\"user__date\" \/><\/span>\n\t\t<\/p>\n\t<\/div>\n\t<div class=\"col-md-12\">\n\t\t<p><span class=\"wpcf7-form-control-wrap\" data-name=\"user__message\"><textarea cols=\"40\" rows=\"10\" maxlength=\"2000\" class=\"wpcf7-form-control wpcf7-textarea wpcf7-validates-as-required form__control\" id=\"user__message\" aria-required=\"true\" aria-invalid=\"false\" placeholder=\"Enter your message...\" name=\"user__message\"><\/textarea><\/span>\n\t\t<\/p>\n\t<\/div>\n\t<div class=\"col-md-12\">\n\t\t<p><button type=\"submit\" class=\"primary_button\">Send Message<\/button>\n\t\t<\/p>\n\t<\/div>\n<\/div><div class=\"wpcf7-response-output\" aria-hidden=\"true\"><\/div>\n<\/form>\n<\/div>\n   <\/div>\r\n   \t\t\t\t<\/div>\n\t\t\t\t<\/div>\n\t\t\t\t<\/div>\n\t\t\t\t\t<\/div>\n\t\t\t\t<\/div>\n\t\t\t\t<\/div>\n\t\t","protected":false},"excerpt":{"rendered":"<p>Notre Bureau Pr\u00e9pos\u00e9 aux b\u00e9n\u00e9ficiaires 13 rue desparois Mercier J6R 0B5 Quebec, Canada Nous joindre commercial@meetview.net meetview@meetview.net Avez-vous des questions ? Remplissez ce formulaire Send Message<\/p>\n","protected":false},"author":1,"featured_media":0,"parent":0,"menu_order":0,"comment_status":"closed","ping_status":"closed","template":"","meta":{"_monsterinsights_skip_tracking":false,"_monsterinsights_sitenote_active":false,"_monsterinsights_sitenote_note":"","_monsterinsights_sitenote_category":0,"footnotes":""},"class_list":["post-703","page","type-page","status-publish","hentry"],"aioseo_notices":[],"_links":{"self":[{"href":"https:\/\/meetview.net\/index.php\/wp-json\/wp\/v2\/pages\/703","targetHints":{"allow":["GET"]}}],"collection":[{"href":"https:\/\/meetview.net\/index.php\/wp-json\/wp\/v2\/pages"}],"about":[{"href":"https:\/\/meetview.net\/index.php\/wp-json\/wp\/v2\/types\/page"}],"author":[{"embeddable":true,"href":"https:\/\/meetview.net\/index.php\/wp-json\/wp\/v2\/users\/1"}],"replies":[{"embeddable":true,"href":"https:\/\/meetview.net\/index.php\/wp-json\/wp\/v2\/comments?post=703"}],"version-history":[{"count":6,"href":"https:\/\/meetview.net\/index.php\/wp-json\/wp\/v2\/pages\/703\/revisions"}],"predecessor-version":[{"id":1220,"href":"https:\/\/meetview.net\/index.php\/wp-json\/wp\/v2\/pages\/703\/revisions\/1220"}],"wp:attachment":[{"href":"https:\/\/meetview.net\/index.php\/wp-json\/wp\/v2\/media?parent=703"}],"curies":[{"name":"wp","href":"https:\/\/api.w.org\/{rel}","templated":true}]}}